{"id":8,"date":"2023-09-30T22:44:53","date_gmt":"2023-09-30T20:44:53","guid":{"rendered":"https:\/\/www.inyssa.com\/?page_id=8"},"modified":"2023-10-10T21:43:02","modified_gmt":"2023-10-10T19:43:02","slug":"inicio","status":"publish","type":"page","link":"https:\/\/www.inyssa.com\/","title":{"rendered":"Inicio"},"content":{"rendered":"\n<div class=\"wp-block-cover alignfull is-light\" style=\"min-height:720px;aspect-ratio:unset;\"><span aria-hidden=\"true\" class=\"wp-block-cover__background has-background-dim-10 has-background-dim wp-block-cover__gradient-background has-background-gradient\" style=\"background:linear-gradient(90deg,rgb(6,147,227) 0%,rgb(95,233,254) 100%)\"><\/span><img loading=\"lazy\" decoding=\"async\" width=\"1280\" height=\"853\" class=\"wp-block-cover__image-background wp-image-30\" alt=\"\" src=\"https:\/\/www.inyssa.com\/wp-content\/uploads\/2023\/09\/banner.png\" data-object-fit=\"cover\" srcset=\"https:\/\/www.inyssa.com\/wp-content\/uploads\/2023\/09\/banner.png 1280w, https:\/\/www.inyssa.com\/wp-content\/uploads\/2023\/09\/banner-300x200.png 300w, https:\/\/www.inyssa.com\/wp-content\/uploads\/2023\/09\/banner-1024x682.png 1024w, https:\/\/www.inyssa.com\/wp-content\/uploads\/2023\/09\/banner-768x512.png 768w\" sizes=\"auto, (max-width: 1280px) 100vw, 1280px\" \/><div class=\"wp-block-cover__inner-container is-layout-flow wp-block-cover-is-layout-flow\">\n<p><\/p>\n\n\n\n<div class=\"wp-block-columns is-layout-flex wp-container-core-columns-is-layout-28f84493 wp-block-columns-is-layout-flex\">\n<div class=\"wp-block-column is-layout-flow wp-block-column-is-layout-flow\">\n<div class=\"wp-block-columns is-layout-flex wp-container-core-columns-is-layout-28f84493 wp-block-columns-is-layout-flex\">\n<div class=\"wp-block-column is-layout-flow wp-block-column-is-layout-flow\">\n<div class=\"wp-block-columns is-layout-flex wp-container-core-columns-is-layout-28f84493 wp-block-columns-is-layout-flex\">\n<div class=\"wp-block-column is-layout-flow wp-block-column-is-layout-flow\">\n<div class=\"wp-block-columns is-layout-flex wp-container-core-columns-is-layout-28f84493 wp-block-columns-is-layout-flex\">\n<div class=\"wp-block-column is-layout-flow wp-block-column-is-layout-flow\" style=\"flex-basis:100%\">\n<div class=\"wp-block-columns is-layout-flex wp-container-core-columns-is-layout-28f84493 wp-block-columns-is-layout-flex\">\n<div class=\"wp-block-column is-layout-flow wp-block-column-is-layout-flow\" style=\"flex-basis:33.33%\"><\/div>\n\n\n\n<div class=\"wp-block-column is-layout-flow wp-block-column-is-layout-flow\" style=\"flex-basis:66.66%\"><div\n    \tclass=\"free align wp-block-csb-content-slider-block\"    id='csbContentSlider-1' \n    data-attributes='{&quot;cId&quot;:&quot;54e83f37-2&quot;,&quot;isPremium&quot;:false,&quot;slides&quot;:[{&quot;background&quot;:{&quot;color&quot;:&quot;#00000080&quot;,&quot;type&quot;:&quot;image&quot;,&quot;image&quot;:{&quot;id&quot;:40,&quot;url&quot;:&quot;https:\\\/\\\/www.inyssa.com\\\/wp-content\\\/uploads\\\/2023\\\/09\\\/pct.png&quot;,&quot;alt&quot;:&quot;&quot;,&quot;title&quot;:&quot;pct&quot;},&quot;overlayColor&quot;:&quot;rgba(0, 0, 0, 0.14)&quot;},&quot;border&quot;:[],&quot;position&quot;:&quot;&quot;,&quot;positionHolder&quot;:&quot;bottom left&quot;,&quot;childPositions&quot;:[{&quot;top&quot;:72,&quot;left&quot;:5.8},{&quot;top&quot;:73,&quot;left&quot;:16.17647058823529},{&quot;top&quot;:80.5,&quot;left&quot;:38.4083044982699}],&quot;title&quot;:&quot;Gesti\\u00f3n de permisos antes las Autoridades Nacionales&quot;,&quot;titleColor&quot;:&quot;#fff&quot;,&quot;description&quot;:&quot;&quot;,&quot;descColor&quot;:&quot;#fff&quot;,&quot;btnText&quot;:&quot;&quot;,&quot;btnLink&quot;:&quot;#&quot;,&quot;btnColors&quot;:{&quot;color&quot;:&quot;#fff&quot;,&quot;bg&quot;:&quot;#4527a4&quot;},&quot;btnHovColors&quot;:{&quot;color&quot;:&quot;#fff&quot;,&quot;bg&quot;:&quot;#8344c5&quot;}},{&quot;background&quot;:{&quot;color&quot;:&quot;#00000080&quot;,&quot;type&quot;:&quot;image&quot;,&quot;image&quot;:{&quot;id&quot;:51,&quot;url&quot;:&quot;https:\\\/\\\/www.inyssa.com\\\/wp-content\\\/uploads\\\/2023\\\/10\\\/pct4.png&quot;,&quot;alt&quot;:&quot;&quot;,&quot;title&quot;:&quot;pct4&quot;},&quot;position&quot;:&quot;center center&quot;,&quot;overlayColor&quot;:&quot;rgba(0, 0, 0, 0.26)&quot;},&quot;border&quot;:[],&quot;position&quot;:&quot;&quot;,&quot;positionHolder&quot;:&quot;bottom center&quot;,&quot;childPositions&quot;:[{&quot;top&quot;:&quot;74.000&quot;,&quot;left&quot;:&quot;30.995&quot;},{&quot;top&quot;:80.5,&quot;left&quot;:33.92857142857143},{&quot;top&quot;:55.25,&quot;left&quot;:41.377091377091375}],&quot;title&quot;:&quot;INYSSA SOLUCIONES&quot;,&quot;titleColor&quot;:&quot;#fff&quot;,&quot;description&quot;:&quot;.&quot;,&quot;descColor&quot;:&quot;#fff&quot;,&quot;btnText&quot;:&quot;&quot;,&quot;btnLink&quot;:&quot;#&quot;,&quot;btnColors&quot;:{&quot;color&quot;:&quot;#fff&quot;,&quot;bg&quot;:&quot;#4527a4&quot;},&quot;btnHovColors&quot;:{&quot;color&quot;:&quot;#fff&quot;,&quot;bg&quot;:&quot;#8344c5&quot;}},{&quot;background&quot;:{&quot;color&quot;:&quot;#00000080&quot;,&quot;type&quot;:&quot;image&quot;,&quot;image&quot;:{&quot;id&quot;:45,&quot;url&quot;:&quot;https:\\\/\\\/www.inyssa.com\\\/wp-content\\\/uploads\\\/2023\\\/09\\\/pct1.png&quot;,&quot;alt&quot;:&quot;&quot;,&quot;title&quot;:&quot;pct1&quot;},&quot;overlayColor&quot;:&quot;rgba(0, 0, 0, 0.16)&quot;},&quot;border&quot;:[],&quot;position&quot;:&quot;&quot;,&quot;positionHolder&quot;:&quot;bottom center&quot;,&quot;childPositions&quot;:[{&quot;top&quot;:80.5,&quot;left&quot;:29.65561224489796},{&quot;top&quot;:47.5,&quot;left&quot;:16.17647058823529},{&quot;top&quot;:55.25,&quot;left&quot;:38.4083044982699}],&quot;title&quot;:&quot;SOLUCIONES INTEGRALES&quot;,&quot;titleColor&quot;:&quot;#fff&quot;,&quot;description&quot;:&quot;&quot;,&quot;descColor&quot;:&quot;#fff&quot;,&quot;btnText&quot;:&quot;&quot;,&quot;btnLink&quot;:&quot;#&quot;,&quot;btnColors&quot;:{&quot;color&quot;:&quot;#fff&quot;,&quot;bg&quot;:&quot;#4527a4&quot;},&quot;btnHovColors&quot;:{&quot;color&quot;:&quot;#fff&quot;,&quot;bg&quot;:&quot;#8344c5&quot;}},{&quot;background&quot;:{&quot;color&quot;:&quot;#00000080&quot;,&quot;type&quot;:&quot;image&quot;,&quot;image&quot;:{&quot;id&quot;:50,&quot;url&quot;:&quot;https:\\\/\\\/www.inyssa.com\\\/wp-content\\\/uploads\\\/2023\\\/10\\\/pct2.png&quot;,&quot;alt&quot;:&quot;&quot;,&quot;title&quot;:&quot;pct2&quot;},&quot;overlayColor&quot;:&quot;rgba(0, 0, 0, 0.3)&quot;},&quot;border&quot;:[],&quot;position&quot;:&quot;&quot;,&quot;positionHolder&quot;:&quot;bottom center&quot;,&quot;childPositions&quot;:[{&quot;top&quot;:80.5,&quot;left&quot;:27.997448979591837},{&quot;top&quot;:73,&quot;left&quot;:25.06377551020408},{&quot;top&quot;:80.5,&quot;left&quot;:41.51785714285714}],&quot;title&quot;:&quot;INNOVACI\\u00d3N TECNOL\\u00d3GICA&quot;,&quot;titleColor&quot;:&quot;var(--ast-global-color-5)&quot;,&quot;description&quot;:&quot;&quot;,&quot;descColor&quot;:&quot;#fff&quot;,&quot;btnText&quot;:&quot;&quot;,&quot;btnLink&quot;:&quot;#&quot;,&quot;btnColors&quot;:{&quot;color&quot;:&quot;#fff&quot;,&quot;bg&quot;:&quot;#4527a4&quot;},&quot;btnHovColors&quot;:{&quot;color&quot;:&quot;#fff&quot;,&quot;bg&quot;:&quot;#8344c5&quot;}},{&quot;background&quot;:{&quot;color&quot;:&quot;#00000080&quot;,&quot;type&quot;:&quot;image&quot;,&quot;image&quot;:{&quot;id&quot;:49,&quot;url&quot;:&quot;https:\\\/\\\/www.inyssa.com\\\/wp-content\\\/uploads\\\/2023\\\/10\\\/pct3.png&quot;,&quot;alt&quot;:&quot;&quot;,&quot;title&quot;:&quot;pct3&quot;},&quot;overlayColor&quot;:&quot;rgba(0, 0, 0, 0.2)&quot;},&quot;border&quot;:[],&quot;position&quot;:&quot;&quot;,&quot;positionHolder&quot;:&quot;bottom center&quot;,&quot;childPositions&quot;:[{&quot;top&quot;:80.5,&quot;left&quot;:29.65561224489796},{&quot;top&quot;:47.5,&quot;left&quot;:25.06377551020408},{&quot;top&quot;:55.25,&quot;left&quot;:41.45408163265306}],&quot;title&quot;:&quot;CUIDADO AL MEDIO AMBIENTE&quot;,&quot;titleColor&quot;:&quot;#fff&quot;,&quot;description&quot;:&quot;&quot;,&quot;descColor&quot;:&quot;#fff&quot;,&quot;btnText&quot;:&quot;&quot;,&quot;btnLink&quot;:&quot;#&quot;,&quot;btnColors&quot;:{&quot;color&quot;:&quot;#fff&quot;,&quot;bg&quot;:&quot;#4527a4&quot;},&quot;btnHovColors&quot;:{&quot;color&quot;:&quot;#fff&quot;,&quot;bg&quot;:&quot;#8344c5&quot;}}],&quot;align&quot;:&quot;&quot;,&quot;columns&quot;:{&quot;desktop&quot;:1,&quot;tablet&quot;:1,&quot;mobile&quot;:1},&quot;columnGap&quot;:15,&quot;sliderWidth&quot;:&quot;100%&quot;,&quot;sliderHeight&quot;:&quot;400px&quot;,&quot;sliderAlign&quot;:&quot;center&quot;,&quot;isLoop&quot;:true,&quot;isTouchMove&quot;:true,&quot;speed&quot;:1.5,&quot;isAutoplay&quot;:true,&quot;autoplayOptions&quot;:{&quot;delay&quot;:1.5,&quot;disableOnInteraction&quot;:false,&quot;reverseDirection&quot;:false,&quot;pauseOnMouseEnter&quot;:false,&quot;stopOnLastSlide&quot;:false},&quot;freeModeOptions&quot;:{&quot;enabled&quot;:false,&quot;sticky&quot;:false},&quot;effect&quot;:&quot;slide&quot;,&quot;keyboardOptions&quot;:{&quot;enabled&quot;:false},&quot;isMousewheel&quot;:false,&quot;isPage&quot;:true,&quot;pageOnDevice&quot;:{&quot;tablet&quot;:true,&quot;mobile&quot;:true},&quot;isPageClickable&quot;:true,&quot;isPageDynamic&quot;:true,&quot;isPrevNext&quot;:true,&quot;prevNextOnDevice&quot;:{&quot;tablet&quot;:true,&quot;mobile&quot;:true},&quot;sliderBG&quot;:{&quot;color&quot;:&quot;#0000&quot;},&quot;sliderPadding&quot;:{&quot;vertical&quot;:&quot;0px&quot;,&quot;horizontal&quot;:&quot;0px&quot;},&quot;pageColor&quot;:&quot;#fff&quot;,&quot;pageWidth&quot;:&quot;15px&quot;,&quot;pageHeight&quot;:&quot;15px&quot;,&quot;pageBorder&quot;:{&quot;radius&quot;:&quot;50%&quot;},&quot;prevNextColor&quot;:&quot;#fff&quot;,&quot;isTitle&quot;:true,&quot;titleTypo&quot;:{&quot;fontSize&quot;:{&quot;desktop&quot;:&quot;25px&quot;,&quot;tablet&quot;:&quot;22px&quot;,&quot;mobile&quot;:&quot;20px&quot;}},&quot;isDesc&quot;:true,&quot;descTypo&quot;:{&quot;fontSize&quot;:{&quot;desktop&quot;:&quot;15px&quot;}},&quot;descColor&quot;:&quot;&quot;,&quot;isBtn&quot;:true,&quot;linkTarget&quot;:&quot;_blank&quot;,&quot;btnTypo&quot;:{&quot;fontSize&quot;:{&quot;desktop&quot;:&quot;16px&quot;}},&quot;btnPadding&quot;:{&quot;vertical&quot;:&quot;12px&quot;,&quot;horizontal&quot;:&quot;35px&quot;},&quot;btnBorder&quot;:{&quot;radius&quot;:&quot;3px&quot;}}'\n><\/div><\/div>\n<\/div>\n<\/div>\n<\/div>\n<\/div>\n<\/div>\n<\/div>\n<\/div>\n<\/div>\n<\/div>\n<\/div><\/div>\n\n\n\n<h4 class=\"wp-block-heading has-text-align-center has-ast-global-color-8-color has-text-color has-large-font-size\">SOMOS <\/h4>\n\n\n\n<div class=\"wp-block-columns alignwide are-vertically-aligned-top is-layout-flex wp-container-core-columns-is-layout-28f84493 wp-block-columns-is-layout-flex\">\n<div class=\"wp-block-column is-vertically-aligned-top is-layout-flow wp-block-column-is-layout-flow\">\n<h2 class=\"wp-block-heading alignwide has-text-align-center has-vivid-cyan-blue-color has-text-color has-large-font-size\">MISI\u00d3N<\/h2>\n\n\n\n<div class=\"wp-block-kevinbatdorf-animate-in-view\" animatein=\"animate-in-view\" enabled=\"1\" once=\"1\" direction=\"1\" threshold=\"1\" timing=\"1\" offset=\"2rem\" uaganimationtype=\"\" uaganimationtime=\"400\" uaganimationdelay=\"0\" uaganimationeasing=\"ease\">\n<div class=\"wp-block-group is-layout-constrained wp-block-group-is-layout-constrained\">\n<p class=\"has-text-align-center has-black-color has-white-background-color has-text-color has-background has-medium-font-size\"><strong>Brindar asesor\u00eda personalizada en materia de agua y saneamiento, que permitan un desarrollo integral de los proyectos de nuestros clientes.<\/strong><\/p>\n<\/div>\n<\/div>\n\n\n\n<div class=\"wp-block-kevinbatdorf-animate-in-view aligncenter\" animatein=\"animate-in-view\" enabled=\"1\" once=\"1\" direction=\"1\" threshold=\"1\" timing=\"1\" offset=\"2rem\" align=\"center\" uaganimationtype=\"\" uaganimationtime=\"400\" uaganimationdelay=\"0\" uaganimationeasing=\"ease\"><\/div>\n<\/div>\n\n\n\n<div class=\"wp-block-column is-vertically-aligned-top is-layout-constrained wp-block-column-is-layout-constrained\">\n<h2 class=\"wp-block-heading has-text-align-center has-vivid-cyan-blue-color has-text-color has-large-font-size\">VISI\u00d3N <\/h2>\n\n\n\n<div class=\"wp-block-kevinbatdorf-animate-in-view aligncenter\" animatein=\"animate-in-view\" enabled=\"1\" once=\"1\" direction=\"1\" threshold=\"1\" timing=\"1\" offset=\"2rem\" align=\"center\" uaganimationtype=\"\" uaganimationtime=\"400\" uaganimationdelay=\"0\" uaganimationeasing=\"ease\">\n<p class=\"has-ast-global-color-8-color has-text-color has-medium-font-size\">  <strong>Somos l\u00edderes en gesti\u00f3n, innovaci\u00f3n y sostenibilidad de los proyectos de agua y saneamiento. <\/strong><\/p>\n<\/div>\n<\/div>\n<\/div>\n\n\n\n<div class=\"wp-block-group alignwide has-ast-global-color-5-background-color has-background is-layout-constrained wp-container-core-group-is-layout-94d206d0 wp-block-group-is-layout-constrained\" id=\"about\" style=\"padding-top:143px;padding-bottom:144px\">\n<div class=\"wp-block-kevinbatdorf-animate-in-view\" animatein=\"animate-in-view\" enabled=\"1\" once=\"1\" direction=\"1\" threshold=\"1\" timing=\"1\" offset=\"2rem\" uaganimationtype=\"\" uaganimationtime=\"400\" uaganimationdelay=\"0\" uaganimationeasing=\"ease\">\n<div class=\"wp-block-media-text has-media-on-the-right is-stacked-on-mobile is-vertically-aligned-center\" style=\"padding-top:var(--wp--preset--spacing--20);padding-bottom:var(--wp--preset--spacing--20)\"><div class=\"wp-block-media-text__content\">\n<div class=\"inherit-container-width wp-block-group is-layout-constrained wp-container-core-group-is-layout-47ce07ec wp-block-group-is-layout-constrained\" style=\"padding-right:80px\">\n<h2 class=\"wp-block-heading has-vivid-cyan-blue-color has-text-color\" style=\"padding-right:40px\">Ingenier\u00eda y suministros S.A<\/h2>\n\n\n\n<p class=\"has-black-color has-text-color\"><strong>Contribuyendo a la gesti\u00f3n sostenible del agua y saneamiento y cuido del medio ambiente. <\/strong><\/p>\n<\/div>\n<\/div><figure class=\"wp-block-media-text__media\"><img loading=\"lazy\" decoding=\"async\" width=\"1024\" height=\"683\" src=\"https:\/\/www.inyssa.com\/wp-content\/uploads\/2023\/10\/sco-1024x683.jpg\" alt=\"\" class=\"wp-image-60 size-full\" srcset=\"https:\/\/www.inyssa.com\/wp-content\/uploads\/2023\/10\/sco-1024x683.jpg 1024w, https:\/\/www.inyssa.com\/wp-content\/uploads\/2023\/10\/sco-300x200.jpg 300w, https:\/\/www.inyssa.com\/wp-content\/uploads\/2023\/10\/sco-768x512.jpg 768w, https:\/\/www.inyssa.com\/wp-content\/uploads\/2023\/10\/sco-1536x1024.jpg 1536w, https:\/\/www.inyssa.com\/wp-content\/uploads\/2023\/10\/sco-2048x1365.jpg 2048w\" sizes=\"auto, (max-width: 1024px) 100vw, 1024px\" \/><\/figure><\/div>\n<\/div>\n<\/div>\n\n\n\n<div class=\"wp-block-group alignwide is-layout-constrained wp-container-core-group-is-layout-3fee123f wp-block-group-is-layout-constrained\" id=\"whyus\" style=\"padding-top:144px;padding-bottom:144px\">\n<h2 class=\"wp-block-heading has-text-align-center has-black-color has-text-color\"><strong>NUESTROS VALORES <\/strong><\/h2>\n\n\n\n<div class=\"wp-block-columns is-layout-flex wp-container-core-columns-is-layout-29aadeec wp-block-columns-is-layout-flex\" style=\"margin-top:60px\">\n<div class=\"wp-block-column is-layout-flow wp-container-core-column-is-layout-6b73ce23 wp-block-column-is-layout-flow\">\n<div class=\"wp-block-kevinbatdorf-animate-in-view\" animatein=\"animate-in-view\" enabled=\"1\" once=\"1\" direction=\"1\" threshold=\"1\" timing=\"1\" offset=\"2rem\" uaganimationtype=\"\" uaganimationtime=\"400\" uaganimationdelay=\"0\" uaganimationeasing=\"ease\">\n<figure class=\"wp-block-image size-large is-resized\"><img loading=\"lazy\" decoding=\"async\" src=\"https:\/\/www.inyssa.com\/wp-content\/uploads\/2023\/10\/interiordecalogo_04octubre-1030x600-1-1024x597.png\" alt=\"\" class=\"wp-image-299\" style=\"width:312px;height:225px\" width=\"312\" height=\"225\"\/><\/figure>\n<\/div>\n\n\n\n<h4 class=\"wp-block-heading has-text-align-center has-ast-global-color-8-color has-text-color\" style=\"margin-top:16px\">COMPROMISO <\/h4>\n<\/div>\n\n\n\n<div class=\"wp-block-column is-layout-flow wp-container-core-column-is-layout-6b73ce23 wp-block-column-is-layout-flow\">\n<div class=\"wp-block-kevinbatdorf-animate-in-view\" animatein=\"animate-in-view\" enabled=\"1\" once=\"1\" direction=\"1\" threshold=\"1\" timing=\"1\" offset=\"2rem\" uaganimationtype=\"\" uaganimationtime=\"400\" uaganimationdelay=\"0\" uaganimationeasing=\"ease\">\n<div class=\"wp-block-group is-layout-constrained wp-block-group-is-layout-constrained\">\n<div class=\"wp-block-uagb-image aligncenter uagb-block-121b9b51 wp-block-uagb-image--layout-default wp-block-uagb-image--effect-static wp-block-uagb-image--align-center\"><figure class=\"wp-block-uagb-image__figure\"><img decoding=\"async\" srcset=\"https:\/\/www.inyssa.com\/wp-content\/uploads\/2023\/10\/image-5.jpeg ,https:\/\/www.inyssa.com\/wp-content\/uploads\/2023\/10\/image-5.jpeg 780w, https:\/\/www.inyssa.com\/wp-content\/uploads\/2023\/10\/image-5.jpeg 360w\" sizes=\"auto, (max-width: 480px) 150px\" src=\"https:\/\/www.inyssa.com\/wp-content\/uploads\/2023\/10\/image-5.jpeg\" alt=\"Creatividad e Innovaci\u00f3n: impulso del \u00e9xito laboral - Diana Pinos\" class=\"uag-image-313\" width=\"347\" height=\"181\" title=\"\" loading=\"lazy\"\/><\/figure><\/div>\n<\/div>\n<\/div>\n\n\n\n<h4 class=\"wp-block-heading alignfull has-text-align-center has-ast-global-color-8-color has-text-color\" style=\"margin-top:16px\">INNOVACI\u00d3N <\/h4>\n<\/div>\n\n\n\n<div class=\"wp-block-column is-layout-flow wp-container-core-column-is-layout-6b73ce23 wp-block-column-is-layout-flow\">\n<div class=\"wp-block-kevinbatdorf-animate-in-view\" animatein=\"animate-in-view\" enabled=\"1\" once=\"1\" direction=\"1\" threshold=\"1\" timing=\"1\" offset=\"2rem\" uaganimationtype=\"\" uaganimationtime=\"400\" uaganimationdelay=\"0\" uaganimationeasing=\"ease\">\n<figure class=\"wp-block-image size-full is-resized\"><img loading=\"lazy\" decoding=\"async\" src=\"https:\/\/www.inyssa.com\/wp-content\/uploads\/2023\/10\/integridad_1.webp\" alt=\"\" class=\"wp-image-300\" style=\"width:332px;height:213px\" width=\"332\" height=\"213\" srcset=\"https:\/\/www.inyssa.com\/wp-content\/uploads\/2023\/10\/integridad_1.webp 700w, https:\/\/www.inyssa.com\/wp-content\/uploads\/2023\/10\/integridad_1-300x193.webp 300w\" sizes=\"auto, (max-width: 332px) 100vw, 332px\" \/><\/figure>\n<\/div>\n\n\n\n<h4 class=\"wp-block-heading has-text-align-center has-ast-global-color-8-color has-text-color\" style=\"margin-top:16px\">INTEGRIDAD <\/h4>\n<\/div>\n<\/div>\n<\/div>\n\n\n\n<div class=\"wp-block-group alignfull has-ast-global-color-0-background-color has-background is-layout-constrained wp-container-core-group-is-layout-cfcca693 wp-block-group-is-layout-constrained\" id=\"contact\" style=\"padding-top:104px;padding-bottom:104px\">\n<div class=\"wp-block-kevinbatdorf-animate-in-view\" animatein=\"animate-in-view\" enabled=\"1\" once=\"1\" direction=\"1\" threshold=\"1\" timing=\"1\" offset=\"2rem\" uaganimationtype=\"\" uaganimationtime=\"400\" uaganimationdelay=\"0\" uaganimationeasing=\"ease\">\n<div class=\"wp-block-group is-layout-constrained wp-block-group-is-layout-constrained\">\n<p class=\"has-text-align-center has-ast-global-color-5-color has-text-color has-medium-font-size\"><strong>NOS CARACTERIZA EL TRABAJO EN EQUIPO <\/strong><\/p>\n<\/div>\n<\/div>\n\n\n\n<div class=\"wp-block-buttons alignwide is-horizontal is-content-justification-center is-layout-flex wp-container-core-buttons-is-layout-bba8380a wp-block-buttons-is-layout-flex\" style=\"margin-top:50px\"><\/div>\n<\/div>\n","protected":false},"excerpt":{"rendered":"<p>SOMOS MISI\u00d3N VISI\u00d3N NUESTROS VALORES COMPROMISO INNOVACI\u00d3N INTEGRIDAD<\/p>\n","protected":false},"author":1,"featured_media":0,"parent":0,"menu_order":0,"comment_status":"closed","ping_status":"closed","template":"","meta":{"_uag_custom_page_level_css":"","site-sidebar-layout":"no-sidebar","site-content-layout":"plain-container","ast-site-content-layout":"default","site-content-style":"default","site-sidebar-style":"default","ast-global-header-display":"","ast-banner-title-visibility":"","ast-main-header-display":"","ast-hfb-above-header-display":"","ast-hfb-below-header-display":"","ast-hfb-mobile-header-display":"","site-post-title":"disabled","ast-breadcrumbs-content":"","ast-featured-img":"","footer-sml-layout":"","ast-disable-related-posts":"","theme-transparent-header-meta":"enabled","adv-header-id-meta":"","stick-header-meta":"","header-above-stick-meta":"","header-main-stick-meta":"","header-below-stick-meta":"","astra-migrate-meta-layouts":"default","ast-page-background-enabled":"default","ast-page-background-meta":{"desktop":{"background-color":"var(--ast-global-color-4)","background-image":"","background-repeat":"repeat","background-position":"center center","background-size":"auto","background-attachment":"scroll","background-type":"","background-media":"","overlay-type":"","overlay-color":"","overlay-opacity":"","overlay-gradient":""},"tablet":{"background-color":"","background-image":"","background-repeat":"repeat","background-position":"center center","background-size":"auto","background-attachment":"scroll","background-type":"","background-media":"","overlay-type":"","overlay-color":"","overlay-opacity":"","overlay-gradient":""},"mobile":{"background-color":"","background-image":"","background-repeat":"repeat","background-position":"center center","background-size":"auto","background-attachment":"scroll","background-type":"","background-media":"","overlay-type":"","overlay-color":"","overlay-opacity":"","overlay-gradient":""}},"ast-content-background-meta":{"desktop":{"background-color":"var(--ast-global-color-5)","background-image":"","background-repeat":"repeat","background-position":"center center","background-size":"auto","background-attachment":"scroll","background-type":"","background-media":"","overlay-type":"","overlay-color":"","overlay-opacity":"","overlay-gradient":""},"tablet":{"background-color":"var(--ast-global-color-5)","background-image":"","background-repeat":"repeat","background-position":"center center","background-size":"auto","background-attachment":"scroll","background-type":"","background-media":"","overlay-type":"","overlay-color":"","overlay-opacity":"","overlay-gradient":""},"mobile":{"background-color":"var(--ast-global-color-5)","background-image":"","background-repeat":"repeat","background-position":"center center","background-size":"auto","background-attachment":"scroll","background-type":"","background-media":"","overlay-type":"","overlay-color":"","overlay-opacity":"","overlay-gradient":""}},"_joinchat":[],"footnotes":""},"class_list":["post-8","page","type-page","status-publish","hentry"],"uagb_featured_image_src":{"full":false,"thumbnail":false,"medium":false,"medium_large":false,"large":false,"1536x1536":false,"2048x2048":false},"uagb_author_info":{"display_name":"JR_admin","author_link":"https:\/\/www.inyssa.com\/index.php\/author\/yahoskaaguirre92\/"},"uagb_comment_info":0,"uagb_excerpt":"SOMOS MISI\u00d3N VISI\u00d3N NUESTROS VALORES COMPROMISO INNOVACI\u00d3N INTEGRIDAD","_links":{"self":[{"href":"https:\/\/www.inyssa.com\/index.php\/wp-json\/wp\/v2\/pages\/8","targetHints":{"allow":["GET"]}}],"collection":[{"href":"https:\/\/www.inyssa.com\/index.php\/wp-json\/wp\/v2\/pages"}],"about":[{"href":"https:\/\/www.inyssa.com\/index.php\/wp-json\/wp\/v2\/types\/page"}],"author":[{"embeddable":true,"href":"https:\/\/www.inyssa.com\/index.php\/wp-json\/wp\/v2\/users\/1"}],"replies":[{"embeddable":true,"href":"https:\/\/www.inyssa.com\/index.php\/wp-json\/wp\/v2\/comments?post=8"}],"version-history":[{"count":30,"href":"https:\/\/www.inyssa.com\/index.php\/wp-json\/wp\/v2\/pages\/8\/revisions"}],"predecessor-version":[{"id":320,"href":"https:\/\/www.inyssa.com\/index.php\/wp-json\/wp\/v2\/pages\/8\/revisions\/320"}],"wp:attachment":[{"href":"https:\/\/www.inyssa.com\/index.php\/wp-json\/wp\/v2\/media?parent=8"}],"curies":[{"name":"wp","href":"https:\/\/api.w.org\/{rel}","templated":true}]}}