{"id":347,"date":"2023-10-17T22:59:41","date_gmt":"2023-10-17T20:59:41","guid":{"rendered":"https:\/\/www.inyssa.com\/?page_id=347"},"modified":"2023-10-25T22:40:45","modified_gmt":"2023-10-25T20:40:45","slug":"blog2","status":"publish","type":"page","link":"https:\/\/www.inyssa.com\/index.php\/blog\/blog2\/","title":{"rendered":"blog2"},"content":{"rendered":"\n<div class=\"wp-block-kevinbatdorf-animate-in-view\" animatein=\"animate-in-view\" enabled=\"1\" once=\"1\" direction=\"1\" threshold=\"1\" timing=\"1\" offset=\"2rem\" uaganimationtype=\"\" uaganimationtime=\"400\" uaganimationdelay=\"0\" uaganimationeasing=\"ease\" uagposition=\"\" uagstickylocation=\"top\" uagstickyoffset=\"0\">\n<div class=\"wp-block-media-text is-stacked-on-mobile\" style=\"grid-template-columns:26% auto\"><figure class=\"wp-block-media-text__media\"><img loading=\"lazy\" decoding=\"async\" width=\"894\" height=\"1024\" src=\"https:\/\/www.inyssa.com\/wp-content\/uploads\/2023\/10\/floral-forest-green-1295662-894x1024.png\" alt=\"floral, forest, green-1295662.jpg\" class=\"wp-image-350 size-full\" srcset=\"https:\/\/www.inyssa.com\/wp-content\/uploads\/2023\/10\/floral-forest-green-1295662-894x1024.png 894w, https:\/\/www.inyssa.com\/wp-content\/uploads\/2023\/10\/floral-forest-green-1295662-262x300.png 262w, https:\/\/www.inyssa.com\/wp-content\/uploads\/2023\/10\/floral-forest-green-1295662-768x880.png 768w, https:\/\/www.inyssa.com\/wp-content\/uploads\/2023\/10\/floral-forest-green-1295662.png 1117w\" sizes=\"auto, (max-width: 894px) 100vw, 894px\" \/><\/figure><div class=\"wp-block-media-text__content\">\n<p class=\"has-vivid-cyan-blue-color has-text-color has-large-font-size\">Actualizaci\u00f3n de norma para dise\u00f1o de agua potable en Nicaragua<\/p>\n<\/div><\/div>\n<\/div>\n\n\n\n<h1 class=\"wp-block-heading has-text-align-center has-vivid-cyan-blue-color has-text-color has-medium-font-size\"><strong>Actualizaciones de normas para dise\u00f1o<\/strong><\/h1>\n\n\n\n<p class=\"has-ast-global-color-8-color has-text-color\">La Normalizaci\u00f3n es la actividad de formular y aplicar t\u00e9cnicas con el prop\u00f3sito de establecer un orden en una actividad espec\u00edfica, para beneficio y con la cooperaci\u00f3n de todos los interesados, coadyuvando la eleve los niveles de competitividad con calidad en la econom\u00eda y teniendo en cuenta las condiciones funcionales y los requisitos de seguridad que requiera el \u00e1mbito socioecon\u00f3mico en que pretendan aplicar. El Sistema Nacional de Normalizaci\u00f3n, que constituye el fundamento t\u00e9cnico para la elaboraci\u00f3n de Normas T\u00e9cnicas Obligatorias Nicarag\u00fcenses (NTON), est\u00e1 a cargo del Ministerio de Fomento, Industrial y Comercio (MIFIC).<\/p>\n\n\n\n<p class=\"has-ast-global-color-8-color has-text-color\">El d\u00eda mi\u00e9rcoles 03 de noviembre de 2021 se public\u00f3 en La Gaceta \u201cNTON 09 007 \u2013 19 Dise\u00f1o de sistemas de abastecimiento. Agua potable\u201d, el cual deroga a la existente \u201cNTON 09 003 \u2013 99 Normas t\u00e9cnicas para el dise\u00f1o de abastecimiento y potabilizaci\u00f3n del agua\u201d y \u201cNTON 09 001 \u2013 99 Dise\u00f1o de abastecimiento de agua en el medio rural\u201d. A continuaci\u00f3n compartir\u00e9 contigo cu\u00e1les han sido las principales actualizaciones de la nueva NTON:<\/p>\n\n\n\n<p class=\"has-ast-global-color-8-color has-text-color\">1. La nueva NTON 09 007 \u2013 19 Dise\u00f1o de sistemas de abastecimiento. Agua potable constituye la primera actualizaci\u00f3n en 20 a\u00f1os desde la publicaci\u00f3n de la NTON 09 003 \u2013 99 y NTON 09 001 \u2013 99.2) Integra la normativa de los sectores urbano y rural, unific\u00e1ndolas en un mismo documento.<\/p>\n\n\n\n<p class=\"has-ast-global-color-8-color has-text-color\">3) Hace referencia a las normativas de los organismos que regulan la calidad de materiales y procesos como ISO (Organizaci\u00f3n Internacional para Estandarizaci\u00f3n), ASTM (Sociedad Americana para Pruebas y Materiales), AWWA (Asociaci\u00f3n Americana de Obras de Agua), otras NTON, entre otros.<\/p>\n\n\n\n<p class=\"has-ast-global-color-8-color has-text-color\">4) Entre sus disposiciones generales promueve el esp\u00edritu integral del servicio de agua a trav\u00e9s las 5C (continuidad, cantidad, cobertura, calidad y costos); as\u00ed como soluciones que garanticen la sostenibilidad de las instalaciones.<\/p>\n\n\n\n<p class=\"has-ast-global-color-8-color has-text-color\">5) Para la proyecci\u00f3n de poblaci\u00f3n por el m\u00e9todo geom\u00e9trico no se establece una tasa m\u00e1xima de crecimiento, como anteriormente se indicaba como 4%. Se mantiene una tasa m\u00ednima de 2.5%.<\/p>\n\n\n\n<p class=\"has-ast-global-color-8-color has-text-color\">6) Las dotaciones de consumo dom\u00e9sticos se enfocan en dependencia del tipo de desarrollo (habitacionales, poblaciones concentradas, poblaciones rurales concentradas y dispersas), anteriormente se defin\u00eda por ciudad.<\/p>\n\n\n\n<p class=\"has-ast-global-color-8-color has-text-color\">7) Las dotaciones de agua para poblaciones concentradas se mantienen por rango de poblaci\u00f3n, y sus dotaciones han aumentado la dotaci\u00f3n seg\u00fan los registro de las ciudades con abastecimiento durante 24 horas.<\/p>\n\n\n\n<p class=\"has-ast-global-color-8-color has-text-color\">8) Las dotaciones de agua para poblaciones dispersas incluyen captaci\u00f3n individual de agua de lluvia.<\/p>\n\n\n\n<p class=\"has-ast-global-color-8-color has-text-color\">9) Con respecto a las p\u00e9rdidas de agua en los sistema de agua potable depender\u00e1 de las viviendas a ser atendidas, hasta 500 viviendas ser\u00e1 15% y para m\u00e1s viviendas ser\u00e1 20%. En la norma anterior el valor era fijo a 20%.<\/p>\n\n\n\n<p class=\"has-ast-global-color-8-color has-text-color\">10) Para la calidad del agua hace referencia a las normas de calidad adoptadas por el Ministerio de Salud (MINSA) y la norma regional del CAPRE, as\u00ed como las normas ISO. A diferencia de la norma anterior, este cap\u00edtulo no es tan extensivo y remite a las referencias que le corresponden velar por este tema.<\/p>\n\n\n\n<p class=\"has-ast-global-color-8-color has-text-color\">11) Para captaciones subterr\u00e1neas, se aumenta el di\u00e1metro m\u00ednimo del ademe seg\u00fan el caudal a extraer.<\/p>\n\n\n\n<p class=\"has-ast-global-color-8-color has-text-color\">12) Para los criterios de dise\u00f1o de la l\u00ednea de conducci\u00f3n y red de distribuci\u00f3n se mantienen, a excepci\u00f3n de la velocidad m\u00e1xima permisible en la red de distribuci\u00f3n que aumenta de 2 m\/s a 5 m\/s.<\/p>\n\n\n\n<p class=\"has-ast-global-color-8-color has-text-color\">13) En la normativa anterior exist\u00eda el cap\u00edtulo \u201cProcesos de potabilizaci\u00f3n del agua\u201d, en la normativa actual hacen referencia a la \u201cDesinfecci\u00f3n\u201d y las normativas que deben de cumplir.<\/p>\n\n\n\n<p class=\"has-ast-global-color-8-color has-text-color\">14) Se agrega l anexo sobre Gu\u00eda t\u00e9cnica de estudios hidrogeol\u00f3gicos.<\/p>\n\n\n\n<p class=\"has-ast-global-color-8-color has-text-color\">15) La entrada es vigor de la nueva NTON es 180 d\u00edas luego de su publicaci\u00f3n en el Diario Oficial La Gaceta, siendo la fecha 03 de mayo de 2022.<\/p>\n","protected":false},"excerpt":{"rendered":"<p>Actualizaciones de normas para dise\u00f1o La Normalizaci\u00f3n es la actividad de formular y aplicar t\u00e9cnicas con el prop\u00f3sito de establecer un orden en una actividad espec\u00edfica, para beneficio y con la cooperaci\u00f3n de todos los interesados, coadyuvando la eleve los niveles de competitividad con calidad en la econom\u00eda y teniendo en cuenta las condiciones funcionales [&hellip;]<\/p>\n","protected":false},"author":1,"featured_media":0,"parent":160,"menu_order":0,"comment_status":"closed","ping_status":"closed","template":"","meta":{"_uag_custom_page_level_css":"","site-sidebar-layout":"default","site-content-layout":"","ast-site-content-layout":"default","site-content-style":"default","site-sidebar-style":"default","ast-global-header-display":"","ast-banner-title-visibility":"","ast-main-header-display":"","ast-hfb-above-header-display":"","ast-hfb-below-header-display":"","ast-hfb-mobile-header-display":"","site-post-title":"disabled","ast-breadcrumbs-content":"","ast-featured-img":"","footer-sml-layout":"","ast-disable-related-posts":"","theme-transparent-header-meta":"","adv-header-id-meta":"","stick-header-meta":"","header-above-stick-meta":"","header-main-stick-meta":"","header-below-stick-meta":"","astra-migrate-meta-layouts":"","ast-page-background-enabled":"default","ast-page-background-meta":{"desktop":{"background-color":"var(--ast-global-color-4)","background-image":"","background-repeat":"repeat","background-position":"center center","background-size":"auto","background-attachment":"scroll","background-type":"","background-media":"","overlay-type":"","overlay-color":"","overlay-opacity":"","overlay-gradient":""},"tablet":{"background-color":"","background-image":"","background-repeat":"repeat","background-position":"center center","background-size":"auto","background-attachment":"scroll","background-type":"","background-media":"","overlay-type":"","overlay-color":"","overlay-opacity":"","overlay-gradient":""},"mobile":{"background-color":"","background-image":"","background-repeat":"repeat","background-position":"center center","background-size":"auto","background-attachment":"scroll","background-type":"","background-media":"","overlay-type":"","overlay-color":"","overlay-opacity":"","overlay-gradient":""}},"ast-content-background-meta":{"desktop":{"background-color":"var(--ast-global-color-5)","background-image":"","background-repeat":"repeat","background-position":"center center","background-size":"auto","background-attachment":"scroll","background-type":"","background-media":"","overlay-type":"","overlay-color":"","overlay-opacity":"","overlay-gradient":""},"tablet":{"background-color":"var(--ast-global-color-5)","background-image":"","background-repeat":"repeat","background-position":"center center","background-size":"auto","background-attachment":"scroll","background-type":"","background-media":"","overlay-type":"","overlay-color":"","overlay-opacity":"","overlay-gradient":""},"mobile":{"background-color":"var(--ast-global-color-5)","background-image":"","background-repeat":"repeat","background-position":"center center","background-size":"auto","background-attachment":"scroll","background-type":"","background-media":"","overlay-type":"","overlay-color":"","overlay-opacity":"","overlay-gradient":""}},"_joinchat":[],"footnotes":""},"class_list":["post-347","page","type-page","status-publish","hentry"],"uagb_featured_image_src":{"full":false,"thumbnail":false,"medium":false,"medium_large":false,"large":false,"1536x1536":false,"2048x2048":false},"uagb_author_info":{"display_name":"JR_admin","author_link":"https:\/\/www.inyssa.com\/index.php\/author\/yahoskaaguirre92\/"},"uagb_comment_info":0,"uagb_excerpt":"Actualizaciones de normas para dise\u00f1o La Normalizaci\u00f3n es la actividad de formular y aplicar t\u00e9cnicas con el prop\u00f3sito de establecer un orden en una actividad espec\u00edfica, para beneficio y con la cooperaci\u00f3n de todos los interesados, coadyuvando la eleve los niveles de competitividad con calidad en la econom\u00eda y teniendo en cuenta las condiciones funcionales&hellip;","_links":{"self":[{"href":"https:\/\/www.inyssa.com\/index.php\/wp-json\/wp\/v2\/pages\/347","targetHints":{"allow":["GET"]}}],"collection":[{"href":"https:\/\/www.inyssa.com\/index.php\/wp-json\/wp\/v2\/pages"}],"about":[{"href":"https:\/\/www.inyssa.com\/index.php\/wp-json\/wp\/v2\/types\/page"}],"author":[{"embeddable":true,"href":"https:\/\/www.inyssa.com\/index.php\/wp-json\/wp\/v2\/users\/1"}],"replies":[{"embeddable":true,"href":"https:\/\/www.inyssa.com\/index.php\/wp-json\/wp\/v2\/comments?post=347"}],"version-history":[{"count":8,"href":"https:\/\/www.inyssa.com\/index.php\/wp-json\/wp\/v2\/pages\/347\/revisions"}],"predecessor-version":[{"id":424,"href":"https:\/\/www.inyssa.com\/index.php\/wp-json\/wp\/v2\/pages\/347\/revisions\/424"}],"up":[{"embeddable":true,"href":"https:\/\/www.inyssa.com\/index.php\/wp-json\/wp\/v2\/pages\/160"}],"wp:attachment":[{"href":"https:\/\/www.inyssa.com\/index.php\/wp-json\/wp\/v2\/media?parent=347"}],"curies":[{"name":"wp","href":"https:\/\/api.w.org\/{rel}","templated":true}]}}