{"id":332,"date":"2023-10-17T22:37:05","date_gmt":"2023-10-17T20:37:05","guid":{"rendered":"https:\/\/www.inyssa.com\/?page_id=332"},"modified":"2023-10-25T22:38:55","modified_gmt":"2023-10-25T20:38:55","slug":"blog1","status":"publish","type":"page","link":"https:\/\/www.inyssa.com\/index.php\/blog\/blog1\/","title":{"rendered":"blog1"},"content":{"rendered":"\n<div class=\"wp-block-kevinbatdorf-animate-in-view\" animatein=\"animate-in-view\" enabled=\"1\" once=\"1\" direction=\"1\" threshold=\"1\" timing=\"1\" offset=\"2rem\" uaganimationtype=\"\" uaganimationtime=\"400\" uaganimationdelay=\"0\" uaganimationeasing=\"ease\" uagposition=\"\" uagstickylocation=\"top\" uagstickyoffset=\"0\">\n<div class=\"wp-block-media-text is-stacked-on-mobile\"><figure class=\"wp-block-media-text__media\"><img loading=\"lazy\" decoding=\"async\" width=\"1024\" height=\"769\" src=\"https:\/\/www.inyssa.com\/wp-content\/uploads\/2023\/10\/IMG_20231013_082327-1024x769.jpg\" alt=\"\" class=\"wp-image-419 size-full\" srcset=\"https:\/\/www.inyssa.com\/wp-content\/uploads\/2023\/10\/IMG_20231013_082327-1024x769.jpg 1024w, https:\/\/www.inyssa.com\/wp-content\/uploads\/2023\/10\/IMG_20231013_082327-300x225.jpg 300w, https:\/\/www.inyssa.com\/wp-content\/uploads\/2023\/10\/IMG_20231013_082327-768x577.jpg 768w, https:\/\/www.inyssa.com\/wp-content\/uploads\/2023\/10\/IMG_20231013_082327-1536x1153.jpg 1536w, https:\/\/www.inyssa.com\/wp-content\/uploads\/2023\/10\/IMG_20231013_082327-2048x1538.jpg 2048w\" sizes=\"auto, (max-width: 1024px) 100vw, 1024px\" \/><\/figure><div class=\"wp-block-media-text__content\">\n<p class=\"has-vivid-cyan-blue-color has-text-color has-medium-font-size\"><strong>Errores comunes en proyectos de Plantas de Tratamiento de Aguas Residuales de los que debemos aprender<\/strong><\/p>\n<\/div><\/div>\n<\/div>\n\n\n\n<p><\/p>\n\n\n\n<p class=\"has-ast-global-color-8-color has-text-color\">El dise\u00f1o de una PTAR consta de varias etapas y requiere varios elementos como la caracterizaci\u00f3n del agua residual y la legislaci\u00f3n de vertido a cumplir, el espacio y ubicaci\u00f3n disponible, la capacidad t\u00e9cnica del operador, costos y complejidad de la operaci\u00f3n y mantenimiento, entre otros.<\/p>\n\n\n\n<p class=\"has-ast-global-color-8-color has-text-color\">A continuaci\u00f3n te compartimos algunos errores comunes en la etapa de dise\u00f1o de PTAR de los que debemos aprender:<\/p>\n\n\n\n<h2 class=\"wp-block-heading has-text-align-center has-ast-global-color-8-color has-text-color has-large-font-size\">caudal <\/h2>\n\n\n\n<p class=\"has-ast-global-color-8-color has-text-color\">Tomar en cuenta los diferentes tipos de caudales que ingresar\u00e1n a la PTAR (m\u00ednimo, medio, punta, m\u00e1ximo), as\u00ed como caudales de servicios y de retornos que se tendr\u00e1n. Definir mecanismos de medici\u00f3n de caudales en las diferentes etapas y m\u00f3dulos de tratamiento, con el objetivo \u2013 entre otros \u2013 de poder comparar los criterios de dise\u00f1o y comportamiento operativo de las unidades de tratamiento.<\/p>\n\n\n\n<p class=\"has-ast-global-color-8-color has-text-color\">\u2022 Caracterizaci\u00f3n de las aguas residuales. Recordemos que una PTAR no solo es una infraestructura hidr\u00e1ulica, tambi\u00e9n se realizan procesos (f\u00edsico, biol\u00f3gicos y qu\u00edmicos) para la depuraci\u00f3n de las aguas residuales, importante tambi\u00e9n incluir la caracterizaci\u00f3n de vertidos industriales.<\/p>\n\n\n\n<p class=\"has-ast-global-color-8-color has-text-color\">\u2022 Pretratamiento. Habilitar canal de demas\u00eda (rebose o aliviaderos) para desv\u00edos de aguas pluviales que podr\u00edan ingresar a la PTAR (sobrecaudales), sobre todo en los sistemas separativos. La construcci\u00f3n de rejas, desarenadores, instalaci\u00f3n de medidor de caudal, y en dependencia de la caracterizaci\u00f3n del agua residual, dise\u00f1ar una trampa de grasa o un desarenador \u2013 desengrasado, seg\u00fan el caudal a ingresar. Disponer de un espacio para contenedores cerrados para los residuos s\u00f3lidos y su adecuada disposici\u00f3n final.<\/p>\n\n\n\n<p class=\"has-ast-global-color-8-color has-text-color\">\u2022 L\u00ednea de lodo. Cuando se habla de PTAR, generalmente, se piensa en la l\u00ednea de agua, debiendo incluirse la l\u00ednea de lodos para su tratamiento y disposici\u00f3n. Se ha observado que en muchos tratamientos de aguas residuales del tipo lagunar, no cuentan con un espacio para el tratamiento de lodos.<\/p>\n\n\n\n<p class=\"has-ast-global-color-8-color has-text-color\">\u2022 L\u00ednea de biog\u00e1s. Uno de los subproductos de los procesos de depuraci\u00f3n de las aguas residuales es el biog\u00e1s, en dependencia del tipo de tecnolog\u00edas propuestas se puede captar, y seg\u00fan an\u00e1lisis de factibilidad se podr\u00eda aprovechar para la generaci\u00f3n de energ\u00eda el\u00e9ctrica, entre otros.<\/p>\n\n\n\n<p class=\"has-ast-global-color-8-color has-text-color\">\u2022 Material. Las aguas residuales son ligeramente \u00e1cidas, adem\u00e1s de la generaci\u00f3n de gases, por eso la selecci\u00f3n de material es importante para alargar la vida \u00fatil de los componentes de la PTAR. Por ejemplo, el uso de material de acero inoxidable tiene un buen comportamiento ante la oxidaci\u00f3n; sin embargo, su costo puede volver el proyecto elevado; actualmente existen materiales como PRFV (poli\u00e9ster reforzado con fibra de vidrio) que son utilizados como compuertas, tramex, entre otros. As\u00ed como la protecci\u00f3n de la infraestructura del ambiente corrosivo a trav\u00e9s de pinturas ep\u00f3xicas.<\/p>\n","protected":false},"excerpt":{"rendered":"<p>El dise\u00f1o de una PTAR consta de varias etapas y requiere varios elementos como la caracterizaci\u00f3n del agua residual y la legislaci\u00f3n de vertido a cumplir, el espacio y ubicaci\u00f3n disponible, la capacidad t\u00e9cnica del operador, costos y complejidad de la operaci\u00f3n y mantenimiento, entre otros. A continuaci\u00f3n te compartimos algunos errores comunes en la [&hellip;]<\/p>\n","protected":false},"author":1,"featured_media":0,"parent":160,"menu_order":0,"comment_status":"closed","ping_status":"closed","template":"","meta":{"_uag_custom_page_level_css":"","site-sidebar-layout":"default","site-content-layout":"","ast-site-content-layout":"default","site-content-style":"default","site-sidebar-style":"default","ast-global-header-display":"","ast-banner-title-visibility":"","ast-main-header-display":"","ast-hfb-above-header-display":"","ast-hfb-below-header-display":"","ast-hfb-mobile-header-display":"","site-post-title":"disabled","ast-breadcrumbs-content":"","ast-featured-img":"","footer-sml-layout":"","ast-disable-related-posts":"","theme-transparent-header-meta":"","adv-header-id-meta":"","stick-header-meta":"","header-above-stick-meta":"","header-main-stick-meta":"","header-below-stick-meta":"","astra-migrate-meta-layouts":"","ast-page-background-enabled":"default","ast-page-background-meta":{"desktop":{"background-color":"var(--ast-global-color-4)","background-image":"","background-repeat":"repeat","background-position":"center center","background-size":"auto","background-attachment":"scroll","background-type":"","background-media":"","overlay-type":"","overlay-color":"","overlay-opacity":"","overlay-gradient":""},"tablet":{"background-color":"","background-image":"","background-repeat":"repeat","background-position":"center center","background-size":"auto","background-attachment":"scroll","background-type":"","background-media":"","overlay-type":"","overlay-color":"","overlay-opacity":"","overlay-gradient":""},"mobile":{"background-color":"","background-image":"","background-repeat":"repeat","background-position":"center center","background-size":"auto","background-attachment":"scroll","background-type":"","background-media":"","overlay-type":"","overlay-color":"","overlay-opacity":"","overlay-gradient":""}},"ast-content-background-meta":{"desktop":{"background-color":"var(--ast-global-color-5)","background-image":"","background-repeat":"repeat","background-position":"center center","background-size":"auto","background-attachment":"scroll","background-type":"","background-media":"","overlay-type":"","overlay-color":"","overlay-opacity":"","overlay-gradient":""},"tablet":{"background-color":"var(--ast-global-color-5)","background-image":"","background-repeat":"repeat","background-position":"center center","background-size":"auto","background-attachment":"scroll","background-type":"","background-media":"","overlay-type":"","overlay-color":"","overlay-opacity":"","overlay-gradient":""},"mobile":{"background-color":"var(--ast-global-color-5)","background-image":"","background-repeat":"repeat","background-position":"center center","background-size":"auto","background-attachment":"scroll","background-type":"","background-media":"","overlay-type":"","overlay-color":"","overlay-opacity":"","overlay-gradient":""}},"_joinchat":[],"footnotes":""},"class_list":["post-332","page","type-page","status-publish","hentry"],"uagb_featured_image_src":{"full":false,"thumbnail":false,"medium":false,"medium_large":false,"large":false,"1536x1536":false,"2048x2048":false},"uagb_author_info":{"display_name":"JR_admin","author_link":"https:\/\/www.inyssa.com\/index.php\/author\/yahoskaaguirre92\/"},"uagb_comment_info":0,"uagb_excerpt":"El dise\u00f1o de una PTAR consta de varias etapas y requiere varios elementos como la caracterizaci\u00f3n del agua residual y la legislaci\u00f3n de vertido a cumplir, el espacio y ubicaci\u00f3n disponible, la capacidad t\u00e9cnica del operador, costos y complejidad de la operaci\u00f3n y mantenimiento, entre otros. A continuaci\u00f3n te compartimos algunos errores comunes en la&hellip;","_links":{"self":[{"href":"https:\/\/www.inyssa.com\/index.php\/wp-json\/wp\/v2\/pages\/332","targetHints":{"allow":["GET"]}}],"collection":[{"href":"https:\/\/www.inyssa.com\/index.php\/wp-json\/wp\/v2\/pages"}],"about":[{"href":"https:\/\/www.inyssa.com\/index.php\/wp-json\/wp\/v2\/types\/page"}],"author":[{"embeddable":true,"href":"https:\/\/www.inyssa.com\/index.php\/wp-json\/wp\/v2\/users\/1"}],"replies":[{"embeddable":true,"href":"https:\/\/www.inyssa.com\/index.php\/wp-json\/wp\/v2\/comments?post=332"}],"version-history":[{"count":6,"href":"https:\/\/www.inyssa.com\/index.php\/wp-json\/wp\/v2\/pages\/332\/revisions"}],"predecessor-version":[{"id":420,"href":"https:\/\/www.inyssa.com\/index.php\/wp-json\/wp\/v2\/pages\/332\/revisions\/420"}],"up":[{"embeddable":true,"href":"https:\/\/www.inyssa.com\/index.php\/wp-json\/wp\/v2\/pages\/160"}],"wp:attachment":[{"href":"https:\/\/www.inyssa.com\/index.php\/wp-json\/wp\/v2\/media?parent=332"}],"curies":[{"name":"wp","href":"https:\/\/api.w.org\/{rel}","templated":true}]}}